{"id":460,"date":"2022-09-16T12:12:52","date_gmt":"2022-09-16T11:12:52","guid":{"rendered":"https:\/\/ika.eus\/?page_id=460"},"modified":"2022-09-20T06:18:00","modified_gmt":"2022-09-20T05:18:00","slug":"aviso-legal","status":"publish","type":"page","link":"https:\/\/ika.eus\/es\/aviso-legal\/","title":{"rendered":"Aviso Legal"},"content":{"rendered":"<section class=\"l-section wpb_row height_medium\"><div class=\"l-section-h i-cf\"><div class=\"g-cols vc_row via_grid cols_1 laptops-cols_inherit tablets-cols_inherit mobiles-cols_1 valign_top type_default stacking_default\"><div class=\"wpb_column vc_column_container\"><div class=\"vc_column-inner\"><div class=\"wpb_text_column\"><div class=\"wpb_wrapper\"><p>En cumplimiento de la Ley 34\/2002, de 11 de julio, de Servicios de la Sociedad de la Informaci\u00f3n y del Comercio Electr\u00f3nico, le informamos que el titular de la p\u00e1gina web es el siguiente:<\/p>\n<p>ARDATZ KULTUR ELKARTEA (ikagasteiz)<\/p>\n<p>CIF: G01052042<\/p>\n<p>Direcci\u00f3n: Adriano VI 18, bajo (01008 Vitoria-Gasteiz)<\/p>\n<p>Tel\u00e9fono: +34 945 154790<\/p>\n<h3><strong>1- RESPONSABILIDADES Y GARANT\u00cdAS<\/strong><\/h3>\n<p>El usuario podr\u00e1 acceder de forma voluntaria a la p\u00e1gina web de la entidad. Navegar por este sitio web implica que el usuario conoce y acepta sus indicaciones legales, sus condiciones de uso y su pol\u00edtica de privacidad.<\/p>\n<p>Cualquier uso de la informaci\u00f3n contenida en este sitio web ser\u00e1 responsabilidad exclusiva del usuario. As\u00ed, el usuario deber\u00e1 comprometerse a utilizar la informaci\u00f3n de acuerdo con el objetivo del sitio web.<\/p>\n<p>El usuario no podr\u00e1, por tanto, dar un uso il\u00edcito a la informaci\u00f3n contenida en el sitio web.<\/p>\n<p>Los usuarios tendr\u00e1n prohibido insertar o comunicar contenidos falsos o incorrectos. El usuario ser\u00e1, por tanto, el \u00fanico responsable de los da\u00f1os causados con los datos que aporte.<\/p>\n<p>No se pueden utilizar datos personales de terceros sin su consentimiento. Asimismo, queda prohibida la utilizaci\u00f3n de datos identificativos de terceros con el fin de ponerlos en el lugar de otra persona o entidad.<\/p>\n<p>ARDATZ KULTUR ELKARTEA hace un gran esfuerzo para que no haya errores en los contenidos que se publican en la web. Se reserva, pues, el derecho de cambiarlas en cualquier momento. ARDATZ KULTUR ELKARTEA renuncia expresamente a la responsabilidad derivada de errores o errores en los contenidos de este sitio web, as\u00ed como a la responsabilidad derivada de los da\u00f1os derivados de su falta de veracidad, exactitud y actualidad. Este sitio web puede incluir enlaces a otros sitios web. ARDATZ KULTUR ELKARTEA no se hace responsable de ninguno de los contenidos de estos espacios enlazados. La finalidad de estos servicios es, precisamente, informar a los usuarios de otras fuentes de informaci\u00f3n, por lo que el usuario acceder\u00e1 a estos contenidos bajo su exclusiva responsabilidad, de acuerdo con las condiciones reguladas en el mismo.<\/p>\n<p>La ASOCIACI\u00d3N CULTURAL ARDATZ no ser\u00e1 responsable de ninguna consecuencia o perjuicio que se derive del uso de este sitio web o de sus contenidos, teniendo en cuenta los da\u00f1os inform\u00e1ticos y la incorporaci\u00f3n de virus.<\/p>\n<p>ARDATZ KULTUR ELKARTEA se reserva el derecho a modificar o eliminar en cualquier momento, sin previo aviso o explicaci\u00f3n, el dise\u00f1o, configuraci\u00f3n e informaci\u00f3n contenida en este sitio web, siempre que lo considere necesario. ARDATZ KULTUR ELKARTEA no se hace responsable de los da\u00f1os que puedan derivarse de dichos cambios. No obstante, utilizar\u00e1 todos los medios a su alcance para informar a los usuarios de estos cambios.<\/p>\n<h3><strong>2- PROPIEDAD INTELECTUAL E INDUSTRIAL<\/strong><\/h3>\n<p>Los contenidos de este sitio web (excepto datos personales) tienen licencia Creative Commons Reconocer \u2013 Compartir igual (CC-BY-SA) 4.0.<\/p>\n<p>Esta licencia otorga al usuario los siguientes derechos:<\/p>\n<ul>\n<li>Compartir: puedes copiar y redistribuir contenidos por cualquier medio y formato<\/li>\n<li>Adaptar: puedes reutilizar contenidos y crear obras derivadas, incluso con fines comerciales.<\/li>\n<\/ul>\n<p>Siempre que se cumplan los siguientes requisitos:<\/p>\n<ul>\n<li>Reconocer: hay que reconocer la autor\u00eda del sitio web, a\u00f1adir un enlace a la licencia e indicar si se han realizado modificaciones pero no de una manera que d\u00e9 a entender que este sitio web apoya el uso de quien lo hace.<\/li>\n<li>Compartir igual: si se crea un trabajo derivado, hay que distribuirlo utilizando la misma licencia.<\/li>\n<li>Nada de restricciones adicionales: no se puede limitar lo que permite la licencia mediante medidas legales o tecnol\u00f3gicas.<\/li>\n<\/ul>\n<p>El incumplimiento de las condiciones que impone la licencia en la utilizaci\u00f3n de los contenidos del sitio web dar\u00e1 lugar al ejercicio de las acciones legales que correspondan y, en su caso, al cumplimiento de las responsabilidades que se deriven de su ejercicio.<\/p>\n<h3><strong>3- CAMBIOS<\/strong><\/h3>\n<p>Todas estas condiciones podr\u00e1n ser modificadas si ARDATZ KULTUR ELKARTEA lo considera oportuno en alg\u00fan momento, tanto para adaptarse a las modificaciones legislativas como para realizar otras mejoras. Estas modificaciones tendr\u00e1n vigencia a partir de su publicaci\u00f3n en este sitio web.<\/p>\n<h3><strong>4- JURISDICCI\u00d3N<\/strong><\/h3>\n<p>La relaci\u00f3n surgida entre ARDATZ KULTUR ELKARTEA y el usuario se regir\u00e1 por lo dispuesto en la normativa vigente sobre legislaci\u00f3n aplicable y jurisdicci\u00f3n competente. No obstante, si la normativa prev\u00e9 que las partes deben someterse a una competencia, ARDATZ KULTUR ELKARTEA y el usuario, con renuncia expresa a cualquier otra competencia que les corresponda, se someter\u00e1n a los Juzgados y Tribunales de San Sebasti\u00e1n.<\/p>\n<\/div><\/div><\/div><\/div><\/div><\/div><\/section>\n","protected":false},"excerpt":{"rendered":"En cumplimiento de la Ley 34\/2002, de 11 de julio, de Servicios de la Sociedad de la Informaci\u00f3n y del Comercio Electr\u00f3nico, le informamos que el titular de la p\u00e1gina web es el siguiente: ARDATZ KULTUR ELKARTEA (ikagasteiz) CIF: G01052042 Direcci\u00f3n: Adriano VI 18, bajo (01008 Vitoria-Gasteiz) Tel\u00e9fono: +34 945 154790 1- RESPONSABILIDADES Y GARANT\u00cdAS...","protected":false},"author":1,"featured_media":0,"parent":0,"menu_order":0,"comment_status":"closed","ping_status":"closed","template":"","meta":{"_acf_changed":false,"footnotes":""},"class_list":["post-460","page","type-page","status-publish","hentry"],"acf":[],"_links":{"self":[{"href":"https:\/\/ika.eus\/es\/wp-json\/wp\/v2\/pages\/460","targetHints":{"allow":["GET"]}}],"collection":[{"href":"https:\/\/ika.eus\/es\/wp-json\/wp\/v2\/pages"}],"about":[{"href":"https:\/\/ika.eus\/es\/wp-json\/wp\/v2\/types\/page"}],"author":[{"embeddable":true,"href":"https:\/\/ika.eus\/es\/wp-json\/wp\/v2\/users\/1"}],"replies":[{"embeddable":true,"href":"https:\/\/ika.eus\/es\/wp-json\/wp\/v2\/comments?post=460"}],"version-history":[{"count":7,"href":"https:\/\/ika.eus\/es\/wp-json\/wp\/v2\/pages\/460\/revisions"}],"predecessor-version":[{"id":514,"href":"https:\/\/ika.eus\/es\/wp-json\/wp\/v2\/pages\/460\/revisions\/514"}],"wp:attachment":[{"href":"https:\/\/ika.eus\/es\/wp-json\/wp\/v2\/media?parent=460"}],"curies":[{"name":"wp","href":"https:\/\/api.w.org\/{rel}","templated":true}]}}