{"id":475,"date":"2022-09-19T10:20:28","date_gmt":"2022-09-19T09:20:28","guid":{"rendered":"https:\/\/ika.eus\/?page_id=475"},"modified":"2025-03-03T09:02:25","modified_gmt":"2025-03-03T08:02:25","slug":"hasiera","status":"publish","type":"page","link":"https:\/\/ika.eus\/es\/","title":{"rendered":"inicio"},"content":{"rendered":"<section class=\"l-section wpb_row us_custom_a3103e3e hide_on_tablets hide_on_mobiles height_small\"><div class=\"l-section-h i-cf\"><div class=\"g-cols vc_row via_grid cols_1 laptops-cols_inherit tablets-cols_inherit mobiles-cols_1 valign_top type_default stacking_default\"><div class=\"wpb_column vc_column_container us_custom_8535c5f4\"><div class=\"vc_column-inner\">\n\t\t\t<!-- START IKA  EUS + Mobile REVOLUTION SLIDER 6.7.41 --><p class=\"rs-p-wp-fix\"><\/p>\n\t\t\t<rs-module-wrap id=\"rev_slider_2_1_wrapper\" data-source=\"gallery\" style=\"visibility:hidden;background:transparent;padding:0;margin:0px auto;margin-top:0;margin-bottom:0;\">\n\t\t\t\t<rs-module id=\"rev_slider_2_1\" style=\"\" data-version=\"6.7.41\">\n\t\t\t\t\t<rs-slides style=\"overflow: hidden; position: absolute;\">\n\t\t\t\t\t\t<rs-slide style=\"position: absolute;\" data-key=\"rs-7\" data-title=\"Slide\" data-in=\"o:0;\" data-out=\"a:false;\">\n\t\t\t\t\t\t\t<img decoding=\"async\" src=\"\/\/ika.eus\/wp-content\/plugins\/revslider\/sr6\/assets\/assets\/dummy.png\" alt=\"Slide\" title=\"inicio\" class=\"rev-slidebg tp-rs-img rs-lazyload\" data-lazyload=\"\/\/ika.eus\/wp-content\/plugins\/revslider\/sr6\/assets\/assets\/transparent.png\" data-no-retina>\n<!--\n\t\t\t\t\t\t\t--><rs-layer\n\t\t\t\t\t\t\t\tid=\"slider-2-slide-7-layer-1\" \n\t\t\t\t\t\t\t\tdata-type=\"image\"\n\t\t\t\t\t\t\t\tdata-rsp_ch=\"on\"\n\t\t\t\t\t\t\t\tdata-xy=\"xo:-26px,-26px,-26px,-5px;yo:52px,52px,52px,-1px;\"\n\t\t\t\t\t\t\t\tdata-text=\"w:normal;s:20,20,20,4;l:0,0,0,6;\"\n\t\t\t\t\t\t\t\tdata-dim=\"w:540px,540px,540px,490px;h:359px,359px,359px,165px;\"\n\t\t\t\t\t\t\t\tdata-vbility=\"f,f,f,t\"\n\t\t\t\t\t\t\t\tdata-frame_999=\"o:0;st:w;\"\n\t\t\t\t\t\t\t\tstyle=\"z-index:7;\"\n\t\t\t\t\t\t\t><img decoding=\"async\" src=\"\/\/ika.eus\/wp-content\/plugins\/revslider\/sr6\/assets\/assets\/dummy.png\" alt=\"\" class=\"tp-rs-img rs-lazyload\" width=\"1010\" height=\"672\" data-lazyload=\"\/\/ika.eus\/wp-content\/uploads\/2025\/09\/banner-web-txikia-WEB-OROKORRA.png\" data-no-retina> \n\t\t\t\t\t\t\t<\/rs-layer><!--\n\n\t\t\t\t\t\t\t--><rs-layer\n\t\t\t\t\t\t\t\tid=\"slider-2-slide-7-layer-5\" \n\t\t\t\t\t\t\t\tdata-type=\"image\"\n\t\t\t\t\t\t\t\tdata-rsp_ch=\"on\"\n\t\t\t\t\t\t\t\tdata-xy=\"xo:-4px,-4px,-4px,-5px;yo:-2px,-2px,-2px,-4px;\"\n\t\t\t\t\t\t\t\tdata-text=\"w:normal;s:20,20,20,4;l:0,0,0,6;\"\n\t\t\t\t\t\t\t\tdata-dim=\"w:1931px,1931px,1931px,490px;h:648px,648px,648px,165px;\"\n\t\t\t\t\t\t\t\tdata-vbility=\"t,t,t,f\"\n\t\t\t\t\t\t\t\tdata-frame_999=\"o:0;st:w;\"\n\t\t\t\t\t\t\t\tstyle=\"z-index:6;\"\n\t\t\t\t\t\t\t><img decoding=\"async\" src=\"\/\/ika.eus\/wp-content\/plugins\/revslider\/sr6\/assets\/assets\/dummy.png\" alt=\"\" class=\"tp-rs-img rs-lazyload\" width=\"2400\" height=\"806\" data-lazyload=\"\/\/ika.eus\/wp-content\/uploads\/2025\/09\/banner-web-handia-WEB-OROKORRA.png\" data-no-retina> \n\t\t\t\t\t\t\t<\/rs-layer><!--\n-->\t\t\t\t\t<\/rs-slide>\n\t\t\t\t\t<\/rs-slides>\n\t\t\t\t<\/rs-module>\n\t\t\t\t<script>\n\t\t\t\t\tsetREVStartSize({c: 'rev_slider_2_1',rl:[1240,1240,1240,480],el:[650,650,650,660],gw:[1920,1920,1920,480],gh:[650,650,650,660],type:'standard',justify:'',layout:'fullwidth',mh:\"0\"});if (window.RS_MODULES!==undefined && window.RS_MODULES.modules!==undefined && window.RS_MODULES.modules[\"revslider21\"]!==undefined) {window.RS_MODULES.modules[\"revslider21\"].once = false;window.revapi2 = undefined;if (window.RS_MODULES.checkMinimal!==undefined) window.RS_MODULES.checkMinimal()}\n\t\t\t\t<\/script>\n\t\t\t<\/rs-module-wrap>\n\t\t\t<!-- END REVOLUTION SLIDER -->\n<\/div><\/div><\/div><\/div><\/section><section class=\"l-section wpb_row us_custom_a3103e3e hide_on_tablets hide_on_mobiles height_small\" id=\"non-gaude\"><div class=\"l-section-h i-cf\"><div class=\"g-cols vc_row via_grid cols_1 laptops-cols_inherit tablets-cols_inherit mobiles-cols_1 valign_top type_default stacking_default\"><div class=\"wpb_column vc_column_container us_custom_8535c5f4\"><div class=\"vc_column-inner\"><div class=\"w-hwrapper valign_top wrap align_left\" style=\"--hwrapper-gap:0rem\"><div class=\"w-ibanner us_custom_247fbc48 has_text_color animation_hebe ratio_1x1 easing_easeInOutCirc\"><a title=\"Gasteizeko euskaltegia\" target=\"_blank\" rel=\"nofollow\" href=\"https:\/\/gasteiz.ika.eus\/es\/\" aria-label=\"Gasteiz\"><\/a><div class=\"w-ibanner-h\"><div class=\"w-ibanner-image\" style=\"background-image: url(https:\/\/ika.eus\/wp-content\/uploads\/2022\/09\/gasteiz.png)\"><\/div><div class=\"w-ibanner-content\"><div class=\"w-ibanner-content-h\"><h3 class=\"w-ibanner-title\">Gasteiz<\/h3><div class=\"w-ibanner-desc\"><p>Adriano VI.a 18 behea<br \/>\n01008 Gasteiz<br \/>\nTelefono: 945154341<br \/>\ngasteiz@ika.eus<\/p>\n<\/div><\/div><\/div><\/div><\/div><div class=\"w-ibanner us_custom_247fbc48 has_text_color animation_hebe ratio_1x1 easing_easeInOutCirc\"><a title=\"Bortzirietako euskaltegia\" target=\"_blank\" rel=\"nofollow\" href=\"https:\/\/bortziriak.ika.eus\/espanol\" aria-label=\"Bortziriak\"><\/a><div class=\"w-ibanner-h\"><div class=\"w-ibanner-image\" style=\"background-image: url(https:\/\/ika.eus\/wp-content\/uploads\/2022\/09\/bortziriak-1.png)\"><\/div><div class=\"w-ibanner-content\"><div class=\"w-ibanner-content-h\"><h3 class=\"w-ibanner-title\">Bortziriak<\/h3><div class=\"w-ibanner-desc\"><p>Matxinbeltzenea, Arretxea 22<br \/>\n31770 Lesaka<br \/>\nTelefono: 948 63 77 96<br \/>\nbortziriak@ika.eus<\/p>\n<\/div><\/div><\/div><\/div><\/div><div class=\"w-ibanner us_custom_247fbc48 has_text_color animation_hebe ratio_1x1 easing_easeInOutCirc\"><a target=\"_blank\" rel=\"nofollow\" title=\"Iru\u00f1ako euskaltegia\" href=\"https:\/\/campion.ika.eus\/es\" aria-label=\"Iru\u00f1ea\"><\/a><div class=\"w-ibanner-h\"><div class=\"w-ibanner-image\" style=\"background-image: url(https:\/\/ika.eus\/wp-content\/uploads\/2022\/09\/irunea-1.png)\"><\/div><div class=\"w-ibanner-content\"><div class=\"w-ibanner-content-h\"><h3 class=\"w-ibanner-title\">Iru\u00f1ea<\/h3><div class=\"w-ibanner-desc\"><p>Comedias karrika 14, 4.a<br \/>\n31001 Iru\u00f1ea<br \/>\nTelefono: 948610776<br \/>\ncampion@ika.eus<\/p>\n<\/div><\/div><\/div><\/div><\/div><div class=\"w-ibanner us_custom_247fbc48 has_text_color animation_hebe ratio_1x1 easing_easeInOutCirc\"><a target=\"_blank\" href=\"https:\/\/atarrabia.ika.eus\/es\/\" aria-label=\"Atarrabia\"><\/a><div class=\"w-ibanner-h\"><div class=\"w-ibanner-image\" style=\"background-image: url(https:\/\/ika.eus\/wp-content\/uploads\/2022\/09\/atarrabia-1.png)\"><\/div><div class=\"w-ibanner-content\"><div class=\"w-ibanner-content-h\"><h3 class=\"w-ibanner-title\">Atarrabia<\/h3><div class=\"w-ibanner-desc\"><p>Kale Nagusia 10-12, behea<br \/>\n31610 Atarrabia<br \/>\nTelefono: 948332660<br \/>\natarrabia@ika.eus<\/p>\n<\/div><\/div><\/div><\/div><\/div><div class=\"w-ibanner us_custom_247fbc48 has_text_color animation_hebe ratio_1x1 easing_easeInOutCirc\"><a target=\"_blank\" rel=\"nofollow\" title=\"Errioxako euskaltegia\" href=\"https:\/\/errioxa.ika.eus\/es\" aria-label=\"Errioxa\"><\/a><div class=\"w-ibanner-h\"><div class=\"w-ibanner-image\" style=\"background-image: url(https:\/\/ika.eus\/wp-content\/uploads\/2022\/09\/errioxa-1.png)\"><\/div><div class=\"w-ibanner-content\"><div class=\"w-ibanner-content-h\"><h3 class=\"w-ibanner-title\">Errioxa<\/h3><div class=\"w-ibanner-desc\"><p>Diputazioa 32<br \/>\n01320 Oion<br \/>\nTelefono: 945601087<br \/>\nerrioxa@ika.eus<\/p>\n<\/div><\/div><\/div><\/div><\/div><div class=\"w-ibanner us_custom_247fbc48 has_text_color animation_hebe ratio_1x1 easing_easeInOutCirc\"><a target=\"_blank\" href=\"https:\/\/leitza.ika.eus\/es\" aria-label=\"Leitza\"><\/a><div class=\"w-ibanner-h\"><div class=\"w-ibanner-image\" style=\"background-image: url(https:\/\/ika.eus\/wp-content\/uploads\/2022\/09\/Leitza-1.png)\"><\/div><div class=\"w-ibanner-content\"><div class=\"w-ibanner-content-h\"><h3 class=\"w-ibanner-title\">Leitza<\/h3><div class=\"w-ibanner-desc\"><p>Elbarren kalea 1 (Udaletxea)<br \/>\n31880 Leitza<br \/>\nTelefono: 948610776<br \/>\nleitza@ika.eus<\/p>\n<\/div><\/div><\/div><\/div><\/div><div class=\"w-ibanner us_custom_247fbc48 has_text_color animation_hebe ratio_1x1 easing_easeInOutCirc\"><a target=\"_blank\" rel=\"nofollow\" title=\"Bara\u00f1aingo euskaltegia\" href=\"https:\/\/baranain.ika.eus\/es\" aria-label=\"Bara\u00f1ain\"><\/a><div class=\"w-ibanner-h\"><div class=\"w-ibanner-image\" style=\"background-image: url(https:\/\/ika.eus\/wp-content\/uploads\/2022\/09\/baranain-1.png)\"><\/div><div class=\"w-ibanner-content\"><div class=\"w-ibanner-content-h\"><h3 class=\"w-ibanner-title\">Bara\u00f1ain<\/h3><div class=\"w-ibanner-desc\"><p>Haraneko etorbidea 2, behea<br \/>\n31010 Bara\u00f1ain<br \/>\nTelefono: 948188325<br \/>\nbaranain@ika.eus<\/p>\n<\/div><\/div><\/div><\/div><\/div><div class=\"w-ibanner us_custom_247fbc48 has_text_color animation_hebe ratio_1x1 easing_easeInOutCirc\"><a target=\"_blank\" href=\"https:\/\/malerreka.ika.eus\/es\" aria-label=\"Malerreka\"><\/a><div class=\"w-ibanner-h\"><div class=\"w-ibanner-image\" style=\"background-image: url(https:\/\/ika.eus\/wp-content\/uploads\/2022\/09\/malerreka-1.png)\"><\/div><div class=\"w-ibanner-content\"><div class=\"w-ibanner-content-h\"><h3 class=\"w-ibanner-title\">Malerreka<\/h3><div class=\"w-ibanner-desc\"><p>Rosa Seminario 6, behea<br \/>\n31740 Doneztebe<br \/>\nTelefono: 948451555<br \/>\nmalerreka@ika.eus<\/p>\n<\/div><\/div><\/div><\/div><\/div><\/div><div class=\"w-separator size_huge\"><\/div><\/div><\/div><\/div><\/div><\/section><section class=\"l-section wpb_row us_custom_a3103e3e hide_on_default hide_on_laptops height_small\" id=\"non-gaude\"><div class=\"l-section-h i-cf\"><div class=\"g-cols vc_row via_grid cols_1 laptops-cols_inherit tablets-cols_inherit mobiles-cols_1 valign_top type_default stacking_default\"><div class=\"wpb_column vc_column_container us_custom_8535c5f4\"><div class=\"vc_column-inner\"><div class=\"w-separator size_large\"><\/div>[vc_custom_heading text=\u00bb\u00bfD\u00f3nde estamos?\u00bb font_container=\u00bbtag:h2|text_align:center\u00bb use_theme_fonts=\u00bbyes\u00bb]<div class=\"w-separator size_small\"><\/div><div class=\"g-cols wpb_row via_grid cols_3 laptops-cols_inherit tablets-cols_inherit mobiles-cols_1 valign_top type_default stacking_default\" style=\"--columns-gap:3rem;\"><div class=\"wpb_column vc_column_container\"><div class=\"vc_column-inner\"><div class=\"wpb_text_column\"><div class=\"wpb_wrapper\"><p style=\"text-align: center;\"><strong>GASTEIZ<\/strong><br \/>\nAdriano VI.a 18 behea<br \/>\n01008 Gasteiz<br \/>\nTelefonoa: 945154341<br \/>\n<a href=\"mailto:gasteiz@ika.eus\">gasteiz@ika.eus<\/a><\/p>\n<\/div><\/div><div class=\"w-separator size_small\"><\/div><div class=\"w-btn-wrapper align_center\"><a class=\"w-btn us-btn-style_1\" target=\"_blank\" rel=\"nofollow\" href=\"https:\/\/gasteiz.ika.eus\/es\/\"><span class=\"w-btn-label\">P\u00e1gina web<\/span><\/a><\/div><\/div><\/div><div class=\"wpb_column vc_column_container\"><div class=\"vc_column-inner\"><div class=\"wpb_text_column\"><div class=\"wpb_wrapper\"><p style=\"text-align: center;\"><strong>BORTZIRIAK<br \/>\n<\/strong><\/p>\n<p style=\"text-align: center;\">Matxinbeltzenea, Arretxea 22<br \/>\n31770 Lesaka<br \/>\nTelefonoa: 948 63 77 96<br \/>\n<a href=\"mailto:bortziriak@ika.eus\">bortziriak@ika.eus<\/a><\/p>\n<\/div><\/div><div class=\"w-separator size_small\"><\/div><div class=\"w-btn-wrapper align_center\"><a class=\"w-btn us-btn-style_1\" target=\"_blank\" rel=\"nofollow\" href=\"https:\/\/bortziriak.ika.eus\/espanol\"><span class=\"w-btn-label\">P\u00e1gina web<\/span><\/a><\/div><\/div><\/div><div class=\"wpb_column vc_column_container\"><div class=\"vc_column-inner\"><div class=\"wpb_text_column\"><div class=\"wpb_wrapper\"><p style=\"text-align: center;\"><strong>IRU\u00d1EA<br \/>\n<\/strong><\/p>\n<p style=\"text-align: center;\">Comedias karrika 14, 4.a<br \/>\n31001 Iru\u00f1ea<br \/>\nTelefonoa: 948610776<br \/>\n<a href=\"mailto:campion@ika.eus\">campion@ika.eus<\/a><\/p>\n<\/div><\/div><div class=\"w-separator size_small\"><\/div><div class=\"w-btn-wrapper align_center\"><a class=\"w-btn us-btn-style_1\" target=\"_blank\" rel=\"nofollow\" href=\"https:\/\/campion.ika.eus\/espanol\"><span class=\"w-btn-label\">P\u00e1gina web<\/span><\/a><\/div><\/div><\/div><\/div><div class=\"w-separator size_medium\"><\/div><div class=\"g-cols wpb_row via_grid cols_3 laptops-cols_inherit tablets-cols_inherit mobiles-cols_1 valign_top type_default stacking_default\" style=\"--columns-gap:3rem;\"><div class=\"wpb_column vc_column_container\"><div class=\"vc_column-inner\"><div class=\"wpb_text_column\"><div class=\"wpb_wrapper\"><p style=\"text-align: center;\"><strong>ATARRABIA<\/strong><\/p>\n<p style=\"text-align: center;\">Kale Nagusia 10-12, behea<br \/>\n31610 Atarrabia<br \/>\nTfnoa: 948332660<br \/>\n<a href=\"mailto:atarrabia@ika.eus\">atarrabia@ika.eus<\/a><\/p>\n<\/div><\/div><div class=\"w-separator size_small\"><\/div><div class=\"w-btn-wrapper align_center\"><a class=\"w-btn us-btn-style_1\" target=\"_blank\" rel=\"nofollow\" href=\"https:\/\/atarrabia.ika.eus\/es\/\"><span class=\"w-btn-label\">P\u00e1gina web<\/span><\/a><\/div><\/div><\/div><div class=\"wpb_column vc_column_container\"><div class=\"vc_column-inner\"><div class=\"wpb_text_column\"><div class=\"wpb_wrapper\"><p style=\"text-align: center;\"><strong>ERRIOXA<br \/>\n<\/strong><\/p>\n<p style=\"text-align: center;\">Diputazioa 32<br \/>\n01320 Oion<br \/>\nTelefonoa: 945601087<br \/>\n<a href=\"mailto:errioxa@ika.eus\">errioxa@ika.eus<\/a><\/p>\n<\/div><\/div><div class=\"w-separator size_small\"><\/div><div class=\"w-btn-wrapper align_center\"><a class=\"w-btn us-btn-style_1\" target=\"_blank\" rel=\"nofollow\" href=\"https:\/\/errioxa.ika.eus\/espanol\"><span class=\"w-btn-label\">P\u00e1gina web<\/span><\/a><\/div><\/div><\/div><div class=\"wpb_column vc_column_container\"><div class=\"vc_column-inner\"><div class=\"wpb_text_column\"><div class=\"wpb_wrapper\"><p style=\"text-align: center;\"><strong>LEITZA<br \/>\n<\/strong><\/p>\n<p style=\"text-align: center;\">Elbarren kalea 1 (Udaletxea)<br \/>\n31880 Leitza<br \/>\nTelefonoa: 948610776<br \/>\n<a href=\"mailto:leitza@ika.eus\">leitza@ika.eus<\/a><\/p>\n<\/div><\/div><\/div><\/div><\/div><div class=\"w-separator size_medium\"><\/div><div class=\"g-cols wpb_row via_grid cols_3 laptops-cols_inherit tablets-cols_inherit mobiles-cols_1 valign_top type_default stacking_default\" style=\"--columns-gap:3rem;\"><div class=\"wpb_column vc_column_container\"><div class=\"vc_column-inner\"><div class=\"wpb_text_column\"><div class=\"wpb_wrapper\"><p style=\"text-align: center;\"><strong>BARA\u00d1AIN<\/strong><\/p>\n<p style=\"text-align: center;\">Haraneko etorbidea 2, behea<br \/>\n31010 Bara\u00f1ain<br \/>\nTelefonoa: 948188325<br \/>\n<a href=\"mailto:baranain@ika.eus\">baranain@ika.eus<\/a><\/p>\n<\/div><\/div><div class=\"w-separator size_small\"><\/div><div class=\"w-btn-wrapper align_center\"><a class=\"w-btn us-btn-style_1\" target=\"_blank\" rel=\"nofollow\" href=\"https:\/\/baranain.ika.eus\/espanol\"><span class=\"w-btn-label\">P\u00e1gina web<\/span><\/a><\/div><\/div><\/div><div class=\"wpb_column vc_column_container\"><div class=\"vc_column-inner\"><div class=\"wpb_text_column\"><div class=\"wpb_wrapper\"><p style=\"text-align: center;\"><strong>MALERREKA<br \/>\n<\/strong><\/p>\n<p style=\"text-align: center;\">Rosa Seminario 6, behea<br \/>\n31740 Doneztebe<br \/>\nTfnoa: 948451555<br \/>\n<a href=\"mailto:malerreka@ika.eus\">malerreka@ika.eus<\/a><\/p>\n<\/div><\/div><\/div><\/div><div class=\"wpb_column vc_column_container\"><div class=\"vc_column-inner\"><\/div><\/div><\/div><\/div><\/div><\/div><\/div><\/section><section class=\"l-section wpb_row us_custom_5b9e80e3 height_medium\"><div class=\"l-section-h i-cf\"><div class=\"g-cols vc_row via_grid cols_1-4-1 laptops-cols_inherit tablets-cols_inherit mobiles-cols_1 valign_top type_default stacking_default\"><div class=\"wpb_column vc_column_container us_custom_8535c5f4\"><div class=\"vc_column-inner\"><\/div><\/div><div class=\"wpb_column vc_column_container\"><div class=\"vc_column-inner\"><h3 class=\"w-text us_custom_eb849559\"><span class=\"w-text-h\"><span class=\"w-text-value\">IKA es una red de euskaltegis<\/span><\/span><\/h3><div class=\"wpb_text_column us_custom_5c6401b0\"><div class=\"wpb_wrapper\"><p>Llevamos m\u00e1s de 30 a\u00f1os ense\u00f1ando euskera. Nuestro objetivo principal es la euskaldunizaci\u00f3n y alfabetizaci\u00f3n de adultos, pero adem\u00e1s realizamos otras tareas. En \u00c1lava tenemos euskaltegis en Vitoria-Gasteiz y Rioja Alavesa, y en Navarra, \u00a0en Iru\u00f1ea, Bara\u00f1ain, Atarrabia, Leitza, Bortziriak y Malerreka.<\/p>\n<\/div><\/div><\/div><\/div><div class=\"wpb_column vc_column_container\"><div class=\"vc_column-inner\"><\/div><\/div><\/div><\/div><\/section><section class=\"l-section wpb_row us_custom_eadfee5a height_medium\"><div class=\"l-section-h i-cf\"><div class=\"g-cols vc_row via_grid cols_1-4-1 laptops-cols_inherit tablets-cols_inherit mobiles-cols_1 valign_top type_default stacking_default\"><div class=\"wpb_column vc_column_container us_custom_8535c5f4\"><div class=\"vc_column-inner\"><\/div><\/div><div class=\"wpb_column vc_column_container\"><div class=\"vc_column-inner\"><div class=\"w-video align_none ratio_16x9 has_iframe\"><div class=\"w-video-h\"><iframe title=\"Youtube video player\" src=\"\/\/www.youtube.com\/embed\/cQwk-tT-WyI?autoplay=0&controls=1&origin=https:\/\/ika.eus\/es\/&loop=0&mute=0\" allowfullscreen=\"1\" loading=\"lazy\"><\/iframe><\/div><\/div><\/div><\/div><div class=\"wpb_column vc_column_container\"><div class=\"vc_column-inner\"><\/div><\/div><\/div><\/div><\/section>\n","protected":false},"excerpt":{"rendered":"GasteizAdriano VI.a 18 behea 01008 Gasteiz Telefono: 945154341 gasteiz@ika.eus BortziriakMatxinbeltzenea, Arretxea 22 31770 Lesaka Telefono: 948 63 77 96 bortziriak@ika.eus Iru\u00f1eaComedias karrika 14, 4.a 31001 Iru\u00f1ea Telefono: 948610776 campion@ika.eus AtarrabiaKale Nagusia 10-12, behea 31610 Atarrabia Telefono: 948332660 atarrabia@ika.eus ErrioxaDiputazioa 32 01320 Oion Telefono: 945601087 errioxa@ika.eus LeitzaElbarren kalea 1 (Udaletxea) 31880 Leitza Telefono: 948610776 leitza@ika.eus Bara\u00f1ainHaraneko...","protected":false},"author":1,"featured_media":0,"parent":0,"menu_order":0,"comment_status":"closed","ping_status":"open","template":"","meta":{"_acf_changed":false,"footnotes":""},"class_list":["post-475","page","type-page","status-publish","hentry"],"acf":[],"_links":{"self":[{"href":"https:\/\/ika.eus\/es\/wp-json\/wp\/v2\/pages\/475","targetHints":{"allow":["GET"]}}],"collection":[{"href":"https:\/\/ika.eus\/es\/wp-json\/wp\/v2\/pages"}],"about":[{"href":"https:\/\/ika.eus\/es\/wp-json\/wp\/v2\/types\/page"}],"author":[{"embeddable":true,"href":"https:\/\/ika.eus\/es\/wp-json\/wp\/v2\/users\/1"}],"replies":[{"embeddable":true,"href":"https:\/\/ika.eus\/es\/wp-json\/wp\/v2\/comments?post=475"}],"version-history":[{"count":32,"href":"https:\/\/ika.eus\/es\/wp-json\/wp\/v2\/pages\/475\/revisions"}],"predecessor-version":[{"id":738,"href":"https:\/\/ika.eus\/es\/wp-json\/wp\/v2\/pages\/475\/revisions\/738"}],"wp:attachment":[{"href":"https:\/\/ika.eus\/es\/wp-json\/wp\/v2\/media?parent=475"}],"curies":[{"name":"wp","href":"https:\/\/api.w.org\/{rel}","templated":true}]}}